{"id":1051,"date":"2023-04-21T20:14:07","date_gmt":"2023-04-21T20:14:07","guid":{"rendered":"https:\/\/cstrinity.org\/password-reset\/"},"modified":"2023-05-26T16:01:26","modified_gmt":"2023-05-26T16:01:26","slug":"password-reset","status":"publish","type":"page","link":"https:\/\/cstrinity.org\/esp\/password-reset\/","title":{"rendered":"Restablecimiento de contrase\u00f1a"},"content":{"rendered":"<div class=\"um um-password um-um_password_id\">\n\t<div class=\"um-form\">\n\t\t<form method=\"post\" action=\"\" data-trp-original-action=\"\">\n\t\t\t\n\t\t\t\t<input type=\"hidden\" name=\"_um_password_reset\" id=\"_um_password_reset\" value=\"1\" \/>\n\n\t\t\t\t\t\t\t\t\t<div class=\"um-field um-field-block um-field-type_block\">\n\t\t\t\t\t\t<div class=\"um-field-block\">\n\t\t\t\t\t\t\t<div style=\"text-align:center;\">\n\t\t\t\t\t\t\t\tPara restablecer tu contrase\u00f1a, por favor, introduce a continuaci\u00f3n tu direcci\u00f3n de correo electr\u00f3nico o nombre de usuario.\t\t\t\t\t\t\t<\/div>\n\t\t\t\t\t\t<\/div>\n\t\t\t\t\t<\/div>\n\t\t\t\t\t<div  id=\"um_field_0_username_b\" class=\"um-field um-field-text  um-field-username_b um-field-text um-field-type_text\" data-key=\"username_b\"><div class=\"um-field-area\"><input  autocomplete=\"off\" class=\"um-form-field valid\" type=\"text\" name=\"username_b\" id=\"username_b\" value=\"\" placeholder=\"Introduzca su nombre de usuario o correo electr\u00f3nico\" data-validate=\"\" data-key=\"username_b\"  aria-invalid=\"false\" \/>\n\n\t\t\t\t\t\t<\/div><\/div>\n<div class=\"g-recaptcha\" id=\"um-um_password_id\" data-mode=\"password\"><\/div>\n\n\t\t\t\t<div class=\"um-col-alt um-col-alt-b\">\n\t\t\t\t\t<div class=\"um-center\">\n\t\t\t\t\t\t<input type=\"submit\" value=\"Restablecer contrase\u00f1a\" class=\"um-button\" id=\"um-submit-btn\" \/>\n\t\t\t\t\t<\/div>\n\t\t\t\t\t<div class=\"um-clear\"><\/div>\n\t\t\t\t<\/div>\n\t\t\t\t\t<input type=\"hidden\" name=\"form_id\" id=\"form_id_um_password_id\" value=\"um_password_id\" \/>\n\t\t<p class=\"um_request_name\">\n\t\t<label for=\"um_request_um_password_id\">Completa solo si no eres humano<\/label>\n\t\t<input type=\"hidden\" name=\"um_request\" id=\"um_request_um_password_id\" class=\"input\" value=\"\" size=\"25\" autocomplete=\"off\" \/>\n\t<\/p>\n\t\t\t<input type=\"hidden\" name=\"trp-form-language\" value=\"esp\"\/><\/form>\n\t<\/div>\n<\/div>\n<style>\n\t\t\t.um-um_password_id.um {\n\t\t\tmax-width: 450px;\n\t\t}\n\t\t<\/style>","protected":false},"excerpt":{"rendered":"","protected":false},"author":1,"featured_media":0,"parent":0,"menu_order":0,"comment_status":"closed","ping_status":"closed","template":"","meta":{"site-sidebar-layout":"default","site-content-layout":"","ast-site-content-layout":"default","site-content-style":"default","site-sidebar-style":"default","ast-global-header-display":"","ast-banner-title-visibility":"","ast-main-header-display":"","ast-hfb-above-header-display":"","ast-hfb-below-header-display":"","ast-hfb-mobile-header-display":"","site-post-title":"","ast-breadcrumbs-content":"","ast-featured-img":"","footer-sml-layout":"","ast-disable-related-posts":"","theme-transparent-header-meta":"","adv-header-id-meta":"","stick-header-meta":"","header-above-stick-meta":"","header-main-stick-meta":"","header-below-stick-meta":"","astra-migrate-meta-layouts":"default","ast-page-background-enabled":"default","ast-page-background-meta":{"desktop":{"background-color":"var(--ast-global-color-4)","background-image":"","background-repeat":"repeat","background-position":"center center","background-size":"auto","background-attachment":"scroll","background-type":"","background-media":"","overlay-type":"","overlay-color":"","overlay-opacity":"","overlay-gradient":""},"tablet":{"background-color":"","background-image":"","background-repeat":"repeat","background-position":"center center","background-size":"auto","background-attachment":"scroll","background-type":"","background-media":"","overlay-type":"","overlay-color":"","overlay-opacity":"","overlay-gradient":""},"mobile":{"background-color":"","background-image":"","background-repeat":"repeat","background-position":"center center","background-size":"auto","background-attachment":"scroll","background-type":"","background-media":"","overlay-type":"","overlay-color":"","overlay-opacity":"","overlay-gradient":""}},"ast-content-background-meta":{"desktop":{"background-color":"var(--ast-global-color-5)","background-image":"","background-repeat":"repeat","background-position":"center center","background-size":"auto","background-attachment":"scroll","background-type":"","background-media":"","overlay-type":"","overlay-color":"","overlay-opacity":"","overlay-gradient":""},"tablet":{"background-color":"var(--ast-global-color-5)","background-image":"","background-repeat":"repeat","background-position":"center center","background-size":"auto","background-attachment":"scroll","background-type":"","background-media":"","overlay-type":"","overlay-color":"","overlay-opacity":"","overlay-gradient":""},"mobile":{"background-color":"var(--ast-global-color-5)","background-image":"","background-repeat":"repeat","background-position":"center center","background-size":"auto","background-attachment":"scroll","background-type":"","background-media":"","overlay-type":"","overlay-color":"","overlay-opacity":"","overlay-gradient":""}},"footnotes":""},"class_list":["post-1051","page","type-page","status-publish","hentry"],"yoast_head":"<!-- This site is optimized with the Yoast SEO plugin v27.4 - https:\/\/yoast.com\/product\/yoast-seo-wordpress\/ -->\n<title>Trinity Church of the Nazarene | Password Reset<\/title>\n<meta name=\"description\" content=\"Password Reset for your account with Trinity Church of the Nazarene in Colorado Springs, CO. This is a private page.\" \/>\n<meta name=\"robots\" content=\"index, follow, max-snippet:-1, max-image-preview:large, max-video-preview:-1\" \/>\n<link rel=\"canonical\" href=\"https:\/\/cstrinity.org\/esp\/password-reset\/\" \/>\n<meta property=\"og:locale\" content=\"es_ES\" \/>\n<meta property=\"og:type\" content=\"article\" \/>\n<meta property=\"og:title\" content=\"Trinity Church of the Nazarene | Password Reset\" \/>\n<meta property=\"og:description\" content=\"Password Reset for your account with Trinity Church of the Nazarene in Colorado Springs, CO. This is a private page.\" \/>\n<meta property=\"og:url\" content=\"https:\/\/cstrinity.org\/esp\/password-reset\/\" \/>\n<meta property=\"og:site_name\" content=\"Trinity Church of the Nazarene\" \/>\n<meta property=\"article:modified_time\" content=\"2023-05-26T16:01:26+00:00\" \/>\n<meta property=\"og:image\" content=\"https:\/\/cstrinity.org\/wp-content\/uploads\/2023\/05\/CircleIcon-FullColor.png\" \/>\n\t<meta property=\"og:image:width\" content=\"467\" \/>\n\t<meta property=\"og:image:height\" content=\"467\" \/>\n\t<meta property=\"og:image:type\" content=\"image\/png\" \/>\n<meta name=\"twitter:card\" content=\"summary_large_image\" \/>\n<meta name=\"twitter:label1\" content=\"Tiempo de lectura\" \/>\n\t<meta name=\"twitter:data1\" content=\"1 minuto\" \/>\n<script type=\"application\/ld+json\" class=\"yoast-schema-graph\">{\"@context\":\"https:\\\/\\\/schema.org\",\"@graph\":[{\"@type\":\"WebPage\",\"@id\":\"https:\\\/\\\/cstrinity.org\\\/password-reset\\\/\",\"url\":\"https:\\\/\\\/cstrinity.org\\\/password-reset\\\/\",\"name\":\"Trinity Church of the Nazarene | Password Reset\",\"isPartOf\":{\"@id\":\"https:\\\/\\\/cstrinity.org\\\/#website\"},\"datePublished\":\"2023-04-21T20:14:07+00:00\",\"dateModified\":\"2023-05-26T16:01:26+00:00\",\"description\":\"Password Reset for your account with Trinity Church of the Nazarene in Colorado Springs, CO. This is a private page.\",\"breadcrumb\":{\"@id\":\"https:\\\/\\\/cstrinity.org\\\/password-reset\\\/#breadcrumb\"},\"inLanguage\":\"es\",\"potentialAction\":[{\"@type\":\"ReadAction\",\"target\":[\"https:\\\/\\\/cstrinity.org\\\/password-reset\\\/\"]}]},{\"@type\":\"BreadcrumbList\",\"@id\":\"https:\\\/\\\/cstrinity.org\\\/password-reset\\\/#breadcrumb\",\"itemListElement\":[{\"@type\":\"ListItem\",\"position\":1,\"name\":\"Home\",\"item\":\"https:\\\/\\\/cstrinity.org\\\/\"},{\"@type\":\"ListItem\",\"position\":2,\"name\":\"Password Reset\"}]},{\"@type\":\"WebSite\",\"@id\":\"https:\\\/\\\/cstrinity.org\\\/#website\",\"url\":\"https:\\\/\\\/cstrinity.org\\\/\",\"name\":\"Trinity Church of the Nazarene\",\"description\":\"Growing Together in Jesus\",\"publisher\":{\"@id\":\"https:\\\/\\\/cstrinity.org\\\/#organization\"},\"potentialAction\":[{\"@type\":\"SearchAction\",\"target\":{\"@type\":\"EntryPoint\",\"urlTemplate\":\"https:\\\/\\\/cstrinity.org\\\/?s={search_term_string}\"},\"query-input\":{\"@type\":\"PropertyValueSpecification\",\"valueRequired\":true,\"valueName\":\"search_term_string\"}}],\"inLanguage\":\"es\"},{\"@type\":\"Organization\",\"@id\":\"https:\\\/\\\/cstrinity.org\\\/#organization\",\"name\":\"Trinity Church of the Nazarene\",\"url\":\"https:\\\/\\\/cstrinity.org\\\/\",\"logo\":{\"@type\":\"ImageObject\",\"inLanguage\":\"es\",\"@id\":\"https:\\\/\\\/cstrinity.org\\\/#\\\/schema\\\/logo\\\/image\\\/\",\"url\":\"https:\\\/\\\/cstrinity.org\\\/wp-content\\\/uploads\\\/2026\\\/04\\\/CircleIconEmpty-BlueGreen.png\",\"contentUrl\":\"https:\\\/\\\/cstrinity.org\\\/wp-content\\\/uploads\\\/2026\\\/04\\\/CircleIconEmpty-BlueGreen.png\",\"width\":500,\"height\":500,\"caption\":\"Trinity Church of the Nazarene\"},\"image\":{\"@id\":\"https:\\\/\\\/cstrinity.org\\\/#\\\/schema\\\/logo\\\/image\\\/\"}}]}<\/script>\n<!-- \/ Yoast SEO plugin. -->","yoast_head_json":{"title":"Trinity Church of the Nazarene | Password Reset","description":"Password Reset for your account with Trinity Church of the Nazarene in Colorado Springs, CO. This is a private page.","robots":{"index":"index","follow":"follow","max-snippet":"max-snippet:-1","max-image-preview":"max-image-preview:large","max-video-preview":"max-video-preview:-1"},"canonical":"https:\/\/cstrinity.org\/esp\/password-reset\/","og_locale":"es_ES","og_type":"article","og_title":"Trinity Church of the Nazarene | Password Reset","og_description":"Password Reset for your account with Trinity Church of the Nazarene in Colorado Springs, CO. This is a private page.","og_url":"https:\/\/cstrinity.org\/esp\/password-reset\/","og_site_name":"Trinity Church of the Nazarene","article_modified_time":"2023-05-26T16:01:26+00:00","og_image":[{"width":467,"height":467,"url":"https:\/\/cstrinity.org\/wp-content\/uploads\/2023\/05\/CircleIcon-FullColor.png","type":"image\/png"}],"twitter_card":"summary_large_image","twitter_misc":{"Tiempo de lectura":"1 minuto"},"schema":{"@context":"https:\/\/schema.org","@graph":[{"@type":"WebPage","@id":"https:\/\/cstrinity.org\/password-reset\/","url":"https:\/\/cstrinity.org\/password-reset\/","name":"Trinity Church of the Nazarene | Password Reset","isPartOf":{"@id":"https:\/\/cstrinity.org\/#website"},"datePublished":"2023-04-21T20:14:07+00:00","dateModified":"2023-05-26T16:01:26+00:00","description":"Password Reset for your account with Trinity Church of the Nazarene in Colorado Springs, CO. This is a private page.","breadcrumb":{"@id":"https:\/\/cstrinity.org\/password-reset\/#breadcrumb"},"inLanguage":"es","potentialAction":[{"@type":"ReadAction","target":["https:\/\/cstrinity.org\/password-reset\/"]}]},{"@type":"BreadcrumbList","@id":"https:\/\/cstrinity.org\/password-reset\/#breadcrumb","itemListElement":[{"@type":"ListItem","position":1,"name":"Home","item":"https:\/\/cstrinity.org\/"},{"@type":"ListItem","position":2,"name":"Password Reset"}]},{"@type":"WebSite","@id":"https:\/\/cstrinity.org\/#website","url":"https:\/\/cstrinity.org\/","name":"Iglesia de la Trinidad del Nazareno","description":"Creciendo Juntos en Jes\u00fas","publisher":{"@id":"https:\/\/cstrinity.org\/#organization"},"potentialAction":[{"@type":"SearchAction","target":{"@type":"EntryPoint","urlTemplate":"https:\/\/cstrinity.org\/?s={search_term_string}"},"query-input":{"@type":"PropertyValueSpecification","valueRequired":true,"valueName":"search_term_string"}}],"inLanguage":"es"},{"@type":"Organization","@id":"https:\/\/cstrinity.org\/#organization","name":"Iglesia de la Trinidad del Nazareno","url":"https:\/\/cstrinity.org\/","logo":{"@type":"ImageObject","inLanguage":"es","@id":"https:\/\/cstrinity.org\/#\/schema\/logo\/image\/","url":"https:\/\/cstrinity.org\/wp-content\/uploads\/2026\/04\/CircleIconEmpty-BlueGreen.png","contentUrl":"https:\/\/cstrinity.org\/wp-content\/uploads\/2026\/04\/CircleIconEmpty-BlueGreen.png","width":500,"height":500,"caption":"Trinity Church of the Nazarene"},"image":{"@id":"https:\/\/cstrinity.org\/#\/schema\/logo\/image\/"}}]}},"jetpack_sharing_enabled":true,"_links":{"self":[{"href":"https:\/\/cstrinity.org\/esp\/wp-json\/wp\/v2\/pages\/1051","targetHints":{"allow":["GET"]}}],"collection":[{"href":"https:\/\/cstrinity.org\/esp\/wp-json\/wp\/v2\/pages"}],"about":[{"href":"https:\/\/cstrinity.org\/esp\/wp-json\/wp\/v2\/types\/page"}],"author":[{"embeddable":true,"href":"https:\/\/cstrinity.org\/esp\/wp-json\/wp\/v2\/users\/1"}],"replies":[{"embeddable":true,"href":"https:\/\/cstrinity.org\/esp\/wp-json\/wp\/v2\/comments?post=1051"}],"version-history":[{"count":0,"href":"https:\/\/cstrinity.org\/esp\/wp-json\/wp\/v2\/pages\/1051\/revisions"}],"wp:attachment":[{"href":"https:\/\/cstrinity.org\/esp\/wp-json\/wp\/v2\/media?parent=1051"}],"curies":[{"name":"gracias","href":"https:\/\/api.w.org\/{rel}","templated":true}]}}