{"id":115,"date":"2023-02-02T22:31:43","date_gmt":"2023-02-02T22:31:43","guid":{"rendered":"https:\/\/cstrinity.org\/?page_id=115"},"modified":"2025-01-09T15:19:11","modified_gmt":"2025-01-09T22:19:11","slug":"trinity-cares","status":"publish","type":"page","link":"https:\/\/cstrinity.org\/esp\/trinity-cares\/","title":{"rendered":"trinidad se preocupa"},"content":{"rendered":"<div data-elementor-type=\"wp-page\" data-elementor-id=\"115\" class=\"elementor elementor-115\" data-elementor-post-type=\"page\">\n\t\t\t\t\t\t<section class=\"elementor-section elementor-top-section elementor-element elementor-element-5494b555 elementor-section-boxed elementor-section-height-default elementor-section-height-default\" data-id=\"5494b555\" data-element_type=\"section\" data-e-type=\"section\" data-settings=\"{&quot;background_background&quot;:&quot;classic&quot;}\">\n\t\t\t\t\t\t\t<div class=\"elementor-background-overlay\"><\/div>\n\t\t\t\t\t\t\t<div class=\"elementor-container elementor-column-gap-default\">\n\t\t\t\t\t<div class=\"elementor-column elementor-col-100 elementor-top-column elementor-element elementor-element-50e77295\" data-id=\"50e77295\" data-element_type=\"column\" data-e-type=\"column\">\n\t\t\t<div class=\"elementor-widget-wrap elementor-element-populated\">\n\t\t\t\t\t\t<div class=\"elementor-element elementor-element-7006f528 elementor-widget elementor-widget-text-editor\" data-id=\"7006f528\" data-element_type=\"widget\" data-e-type=\"widget\" data-widget_type=\"text-editor.default\">\n\t\t\t\t<div class=\"elementor-widget-container\">\n\t\t\t\t\t\t\t\t\t<p style=\"font-size: 60px;\"><b>LA TRINIDAD CUIDA<\/b><\/p>\t\t\t\t\t\t\t\t<\/div>\n\t\t\t\t<\/div>\n\t\t\t\t\t<\/div>\n\t\t<\/div>\n\t\t\t\t\t<\/div>\n\t\t<\/section>\n\t\t\t\t<section class=\"elementor-section elementor-top-section elementor-element elementor-element-20f2bd6 elementor-section-boxed elementor-section-height-default elementor-section-height-default\" data-id=\"20f2bd6\" data-element_type=\"section\" data-e-type=\"section\" data-settings=\"{&quot;background_background&quot;:&quot;classic&quot;}\">\n\t\t\t\t\t\t<div class=\"elementor-container elementor-column-gap-default\">\n\t\t\t\t\t<div class=\"elementor-column elementor-col-100 elementor-top-column elementor-element elementor-element-6b8ab86\" data-id=\"6b8ab86\" data-element_type=\"column\" data-e-type=\"column\">\n\t\t\t<div class=\"elementor-widget-wrap elementor-element-populated\">\n\t\t\t\t\t\t<div class=\"elementor-element elementor-element-10494d3 elementor-widget elementor-widget-image\" data-id=\"10494d3\" data-element_type=\"widget\" data-e-type=\"widget\" data-widget_type=\"image.default\">\n\t\t\t\t<div class=\"elementor-widget-container\">\n\t\t\t\t\t\t\t\t\t\t\t\t\t\t\t<img fetchpriority=\"high\" decoding=\"async\" width=\"1024\" height=\"305\" src=\"https:\/\/cstrinity.org\/wp-content\/uploads\/2023\/05\/1684443598316blob-1024x305.png\" class=\"attachment-large size-large wp-image-1545\" alt=\"Trinity Church of the Nazarene Community Serve Opportunity Trinity Cares Colorado Springs CO\" srcset=\"https:\/\/cstrinity.org\/wp-content\/uploads\/2023\/05\/1684443598316blob-1024x305.png 1024w, https:\/\/cstrinity.org\/wp-content\/uploads\/2023\/05\/1684443598316blob-300x89.png 300w, https:\/\/cstrinity.org\/wp-content\/uploads\/2023\/05\/1684443598316blob-768x229.png 768w, https:\/\/cstrinity.org\/wp-content\/uploads\/2023\/05\/1684443598316blob-18x5.png 18w, https:\/\/cstrinity.org\/wp-content\/uploads\/2023\/05\/1684443598316blob.png 1102w\" sizes=\"(max-width: 1024px) 100vw, 1024px\" \/>\t\t\t\t\t\t\t\t\t\t\t\t\t\t\t<\/div>\n\t\t\t\t<\/div>\n\t\t\t\t<div class=\"elementor-element elementor-element-2dde921 elementor-widget elementor-widget-text-editor\" data-id=\"2dde921\" data-element_type=\"widget\" data-e-type=\"widget\" data-widget_type=\"text-editor.default\">\n\t\t\t\t<div class=\"elementor-widget-container\">\n\t\t\t\t\t\t\t\t\t<div class=\"sflb_row sflb_12\"><div class=\"sflb_section sflb_span12\"><p><strong>Distribuci\u00f3n Mensual<\/strong><\/p><div>9:00 \u2013 11:00 AM | 4to s\u00e1bado, enero \u2013 noviembre<\/div><div>9:00 \u2013 11:00 AM | 20 de diciembre de 2025<\/div><\/div><\/div><div class=\"sflb_row sflb_12\"><div class=\"sflb_section sflb_span12\"><div><strong>Trinity Cares Ministerio de Alimentos y Ropa<\/strong>\u00a0existe para hacer brillar la luz de Dios en nuestro mundo proporcionando comida, ropa, apoyo y amor a aquellos que enfrentan circunstancias fuera de su control. Si conoce a alguien que necesite asistencia, inf\u00f3rmele sobre nuestra distribuci\u00f3n mensual.<\/div><div><ul><li>Nuestro objetivo es ayudar a satisfacer las necesidades de la comunidad proporcionando alimentos, ropa y art\u00edculos para el hogar complementarios GRATIS<\/li><li>\u00a1Todos son bienvenidos!<\/li><li>No requerimos identificaci\u00f3n o una aplicaci\u00f3n<\/li><li>Atendemos a los hu\u00e9spedes por orden de llegada<\/li><li>Los hu\u00e9spedes eligen art\u00edculos seg\u00fan la disponibilidad cada mes<\/li><\/ul><\/div><div>\u00a0<\/div><div><strong>voluntarios<\/strong>\u00a0son bienvenidos durante cualquiera de los siguientes horarios:<\/div><div><span style=\"font-style: inherit; font-weight: inherit; color: var( --e-global-color-0e3583f ); font-family: var( --e-global-typography-text-font-family ), Sans-serif; background-color: var( --e-global-color-astglobalcolor5 );\">\u00a0<\/span><\/div><div><p>mi\u00e9rcoles antes de la distribuci\u00f3n<\/p><ul><li>8:00 a 8:30 p. m.: coloque las mesas y traiga ropa y donaciones para el hogar<\/li><\/ul><p>jueves antes de la distribuci\u00f3n<\/p><ul><li>13:00 \u2013 15:00 \u2013 organizaci\u00f3n de donaciones de ropa y del hogar<\/li><\/ul><p>Viernes antes de la distribuci\u00f3n<\/p><ul><li>10:30 a. m. a 12:30 p. m.: preparar y organizar los alimentos<\/li><li>10:30 am \u2013 2:00 pm \u2013 organizaci\u00f3n de donaciones de ropa y hogar<\/li><\/ul><p>S\u00e1bado, d\u00eda de reparto<\/p><ul><li>8:30 \u2013 11:00 am \u2013 atender a los invitados<\/li><li>11:00 \u2013 11:30 am \u2013 guardar mesas y limpiar<\/li><\/ul><\/div><div><strong>Donaciones Monetarias<\/strong><\/div><div><ul><li>Hacer clic\u00a0<a href=\"https:\/\/secure.myvanco.com\/YGZX\/campaign\/C-YJ7S\"><strong>aqu\u00ed<\/strong><\/a>\u00a0para ayudar a comprar alimentos y apoyar este ministerio<\/li><\/ul><\/div><div>\u00a0<\/div><div><strong>Donaciones de ropa y art\u00edculos para el hogar<\/strong><\/div><div><ul><li>Durante el horario comercial normal, coloque las donaciones en la canasta junto a las puertas interiores del gimnasio.<\/li><li>En los d\u00edas de distribuci\u00f3n, traiga art\u00edculos en el gimnasio a trav\u00e9s de las puertas en la parte trasera del edificio.<\/li><\/ul><p>Desafortunadamente, estamos <strong>no<\/strong> capaz de aceptar lo siguiente:<\/p><ul><li>Muebles<\/li><li>Cunas<\/li><li>colchones<\/li><li>Portabeb\u00e9s<\/li><\/ul><\/div><\/div><\/div>\t\t\t\t\t\t\t\t<\/div>\n\t\t\t\t<\/div>\n\t\t\t\t<div class=\"elementor-element elementor-element-c7cca06 elementor-align-center elementor-widget elementor-widget-button\" data-id=\"c7cca06\" data-element_type=\"widget\" data-e-type=\"widget\" data-widget_type=\"button.default\">\n\t\t\t\t<div class=\"elementor-widget-container\">\n\t\t\t\t\t\t\t\t\t<div class=\"elementor-button-wrapper\">\n\t\t\t\t\t<a class=\"elementor-button elementor-button-link elementor-size-sm\" href=\"#elementor-action%3Aaction%3Dpopup%3Aopen%26settings%3DeyJpZCI6IjIyOTciLCJ0b2dnbGUiOmZhbHNlfQ%3D%3D\">\n\t\t\t\t\t\t<span class=\"elementor-button-content-wrapper\">\n\t\t\t\t\t\t\t\t\t<span class=\"elementor-button-text\">Solicitar informaci\u00f3n<\/span>\n\t\t\t\t\t<\/span>\n\t\t\t\t\t<\/a>\n\t\t\t\t<\/div>\n\t\t\t\t\t\t\t\t<\/div>\n\t\t\t\t<\/div>\n\t\t\t\t\t<\/div>\n\t\t<\/div>\n\t\t\t\t\t<\/div>\n\t\t<\/section>\n\t\t\t\t<section class=\"elementor-section elementor-top-section elementor-element elementor-element-5c48e0b elementor-section-boxed elementor-section-height-default elementor-section-height-default\" data-id=\"5c48e0b\" data-element_type=\"section\" data-e-type=\"section\" data-settings=\"{&quot;background_background&quot;:&quot;classic&quot;,&quot;shape_divider_bottom&quot;:&quot;opacity-tilt&quot;}\">\n\t\t\t\t\t<div class=\"elementor-shape elementor-shape-bottom\" aria-hidden=\"true\" data-negative=\"false\">\n\t\t\t<svg xmlns=\"http:\/\/www.w3.org\/2000\/svg\" viewbox=\"0 0 2600 131.1\" preserveaspectratio=\"none\">\n\t<path class=\"elementor-shape-fill\" d=\"M0 0L2600 0 2600 69.1 0 0z\"\/>\n\t<path class=\"elementor-shape-fill\" style=\"opacity:0.5\" d=\"M0 0L2600 0 2600 69.1 0 69.1z\"\/>\n\t<path class=\"elementor-shape-fill\" style=\"opacity:0.25\" d=\"M2600 0L0 0 0 130.1 2600 69.1z\"\/>\n<\/svg>\t\t<\/div>\n\t\t\t\t\t<div class=\"elementor-container elementor-column-gap-default\">\n\t\t\t\t\t<div class=\"elementor-column elementor-col-100 elementor-top-column elementor-element elementor-element-8b0f8d5\" data-id=\"8b0f8d5\" data-element_type=\"column\" data-e-type=\"column\">\n\t\t\t<div class=\"elementor-widget-wrap elementor-element-populated\">\n\t\t\t\t\t\t<div class=\"elementor-element elementor-element-ffc8665 elementor-widget elementor-widget-spacer\" data-id=\"ffc8665\" data-element_type=\"widget\" data-e-type=\"widget\" data-widget_type=\"spacer.default\">\n\t\t\t\t<div class=\"elementor-widget-container\">\n\t\t\t\t\t\t\t<div class=\"elementor-spacer\">\n\t\t\t<div class=\"elementor-spacer-inner\"><\/div>\n\t\t<\/div>\n\t\t\t\t\t\t<\/div>\n\t\t\t\t<\/div>\n\t\t\t\t\t<\/div>\n\t\t<\/div>\n\t\t\t\t\t<\/div>\n\t\t<\/section>\n\t\t\t\t<\/div>","protected":false},"excerpt":{"rendered":"<p>TRINITY CARES Monthly Distribution 9:00 \u2013 11:00 AM | 4th Saturday, January \u2013 November9:00 \u2013 11:00 AM | December 20, 2025Trinity Cares Food &amp; Clothing Ministry\u00a0exists to shine God\u2019s light into our world by providing food, clothing, support and love to those facing circumstances beyond their control. If you know of anyone in need of [&hellip;]<\/p>\n","protected":false},"author":1,"featured_media":0,"parent":0,"menu_order":0,"comment_status":"closed","ping_status":"closed","template":"","meta":{"site-sidebar-layout":"no-sidebar","site-content-layout":"page-builder","ast-site-content-layout":"default","site-content-style":"default","site-sidebar-style":"default","ast-global-header-display":"","ast-banner-title-visibility":"","ast-main-header-display":"","ast-hfb-above-header-display":"","ast-hfb-below-header-display":"","ast-hfb-mobile-header-display":"","site-post-title":"disabled","ast-breadcrumbs-content":"","ast-featured-img":"disabled","footer-sml-layout":"","ast-disable-related-posts":"","theme-transparent-header-meta":"","adv-header-id-meta":"","stick-header-meta":"","header-above-stick-meta":"","header-main-stick-meta":"","header-below-stick-meta":"","astra-migrate-meta-layouts":"default","ast-page-background-enabled":"default","ast-page-background-meta":{"desktop":{"background-color":"var(--ast-global-color-4)","background-image":"","background-repeat":"repeat","background-position":"center center","background-size":"auto","background-attachment":"scroll","background-type":"","background-media":"","overlay-type":"","overlay-color":"","overlay-opacity":"","overlay-gradient":""},"tablet":{"background-color":"","background-image":"","background-repeat":"repeat","background-position":"center center","background-size":"auto","background-attachment":"scroll","background-type":"","background-media":"","overlay-type":"","overlay-color":"","overlay-opacity":"","overlay-gradient":""},"mobile":{"background-color":"","background-image":"","background-repeat":"repeat","background-position":"center center","background-size":"auto","background-attachment":"scroll","background-type":"","background-media":"","overlay-type":"","overlay-color":"","overlay-opacity":"","overlay-gradient":""}},"ast-content-background-meta":{"desktop":{"background-color":"var(--ast-global-color-5)","background-image":"","background-repeat":"repeat","background-position":"center center","background-size":"auto","background-attachment":"scroll","background-type":"","background-media":"","overlay-type":"","overlay-color":"","overlay-opacity":"","overlay-gradient":""},"tablet":{"background-color":"var(--ast-global-color-5)","background-image":"","background-repeat":"repeat","background-position":"center center","background-size":"auto","background-attachment":"scroll","background-type":"","background-media":"","overlay-type":"","overlay-color":"","overlay-opacity":"","overlay-gradient":""},"mobile":{"background-color":"var(--ast-global-color-5)","background-image":"","background-repeat":"repeat","background-position":"center center","background-size":"auto","background-attachment":"scroll","background-type":"","background-media":"","overlay-type":"","overlay-color":"","overlay-opacity":"","overlay-gradient":""}},"footnotes":""},"class_list":["post-115","page","type-page","status-publish","hentry"],"yoast_head":"<!-- This site is optimized with the Yoast SEO plugin v27.4 - https:\/\/yoast.com\/product\/yoast-seo-wordpress\/ -->\n<title>Trinity Church of the Nazarene | Trinity Cares<\/title>\n<meta name=\"description\" content=\"Trinity Cares is a monthly free food and clothing community ministry run by Trinity Church of the Nazarene in Colorado Springs, CO.\" \/>\n<meta name=\"robots\" content=\"index, follow, max-snippet:-1, max-image-preview:large, max-video-preview:-1\" \/>\n<link rel=\"canonical\" href=\"https:\/\/cstrinity.org\/esp\/trinity-cares\/\" \/>\n<meta property=\"og:locale\" content=\"es_ES\" \/>\n<meta property=\"og:type\" content=\"article\" \/>\n<meta property=\"og:title\" content=\"Trinity Church of the Nazarene | Trinity Cares\" \/>\n<meta property=\"og:description\" content=\"Trinity Cares is a monthly free food and clothing community ministry run by Trinity Church of the Nazarene in Colorado Springs, CO.\" \/>\n<meta property=\"og:url\" content=\"https:\/\/cstrinity.org\/esp\/trinity-cares\/\" \/>\n<meta property=\"og:site_name\" content=\"Trinity Church of the Nazarene\" \/>\n<meta property=\"article:modified_time\" content=\"2025-01-09T22:19:11+00:00\" \/>\n<meta property=\"og:image\" content=\"https:\/\/cstrinity.org\/wp-content\/uploads\/2023\/05\/CircleIcon-FullColor.png\" \/>\n\t<meta property=\"og:image:width\" content=\"467\" \/>\n\t<meta property=\"og:image:height\" content=\"467\" \/>\n\t<meta property=\"og:image:type\" content=\"image\/png\" \/>\n<meta name=\"twitter:card\" content=\"summary_large_image\" \/>\n<meta name=\"twitter:label1\" content=\"Tiempo de lectura\" \/>\n\t<meta name=\"twitter:data1\" content=\"2 minutos\" \/>\n<script type=\"application\/ld+json\" class=\"yoast-schema-graph\">{\"@context\":\"https:\\\/\\\/schema.org\",\"@graph\":[{\"@type\":\"WebPage\",\"@id\":\"https:\\\/\\\/cstrinity.org\\\/trinity-cares\\\/\",\"url\":\"https:\\\/\\\/cstrinity.org\\\/trinity-cares\\\/\",\"name\":\"Trinity Church of the Nazarene | Trinity Cares\",\"isPartOf\":{\"@id\":\"https:\\\/\\\/cstrinity.org\\\/#website\"},\"primaryImageOfPage\":{\"@id\":\"https:\\\/\\\/cstrinity.org\\\/trinity-cares\\\/#primaryimage\"},\"image\":{\"@id\":\"https:\\\/\\\/cstrinity.org\\\/trinity-cares\\\/#primaryimage\"},\"thumbnailUrl\":\"https:\\\/\\\/cstrinity.org\\\/wp-content\\\/uploads\\\/2023\\\/05\\\/1684443598316blob-1024x305.png\",\"datePublished\":\"2023-02-02T22:31:43+00:00\",\"dateModified\":\"2025-01-09T22:19:11+00:00\",\"description\":\"Trinity Cares is a monthly free food and clothing community ministry run by Trinity Church of the Nazarene in Colorado Springs, CO.\",\"breadcrumb\":{\"@id\":\"https:\\\/\\\/cstrinity.org\\\/trinity-cares\\\/#breadcrumb\"},\"inLanguage\":\"es\",\"potentialAction\":[{\"@type\":\"ReadAction\",\"target\":[\"https:\\\/\\\/cstrinity.org\\\/trinity-cares\\\/\"]}]},{\"@type\":\"ImageObject\",\"inLanguage\":\"es\",\"@id\":\"https:\\\/\\\/cstrinity.org\\\/trinity-cares\\\/#primaryimage\",\"url\":\"https:\\\/\\\/cstrinity.org\\\/wp-content\\\/uploads\\\/2023\\\/05\\\/1684443598316blob-1024x305.png\",\"contentUrl\":\"https:\\\/\\\/cstrinity.org\\\/wp-content\\\/uploads\\\/2023\\\/05\\\/1684443598316blob-1024x305.png\"},{\"@type\":\"BreadcrumbList\",\"@id\":\"https:\\\/\\\/cstrinity.org\\\/trinity-cares\\\/#breadcrumb\",\"itemListElement\":[{\"@type\":\"ListItem\",\"position\":1,\"name\":\"Home\",\"item\":\"https:\\\/\\\/cstrinity.org\\\/\"},{\"@type\":\"ListItem\",\"position\":2,\"name\":\"Trinity Cares\"}]},{\"@type\":\"WebSite\",\"@id\":\"https:\\\/\\\/cstrinity.org\\\/#website\",\"url\":\"https:\\\/\\\/cstrinity.org\\\/\",\"name\":\"Trinity Church of the Nazarene\",\"description\":\"Growing Together in Jesus\",\"publisher\":{\"@id\":\"https:\\\/\\\/cstrinity.org\\\/#organization\"},\"potentialAction\":[{\"@type\":\"SearchAction\",\"target\":{\"@type\":\"EntryPoint\",\"urlTemplate\":\"https:\\\/\\\/cstrinity.org\\\/?s={search_term_string}\"},\"query-input\":{\"@type\":\"PropertyValueSpecification\",\"valueRequired\":true,\"valueName\":\"search_term_string\"}}],\"inLanguage\":\"es\"},{\"@type\":\"Organization\",\"@id\":\"https:\\\/\\\/cstrinity.org\\\/#organization\",\"name\":\"Trinity Church of the Nazarene\",\"url\":\"https:\\\/\\\/cstrinity.org\\\/\",\"logo\":{\"@type\":\"ImageObject\",\"inLanguage\":\"es\",\"@id\":\"https:\\\/\\\/cstrinity.org\\\/#\\\/schema\\\/logo\\\/image\\\/\",\"url\":\"https:\\\/\\\/cstrinity.org\\\/wp-content\\\/uploads\\\/2026\\\/04\\\/CircleIconEmpty-BlueGreen.png\",\"contentUrl\":\"https:\\\/\\\/cstrinity.org\\\/wp-content\\\/uploads\\\/2026\\\/04\\\/CircleIconEmpty-BlueGreen.png\",\"width\":500,\"height\":500,\"caption\":\"Trinity Church of the Nazarene\"},\"image\":{\"@id\":\"https:\\\/\\\/cstrinity.org\\\/#\\\/schema\\\/logo\\\/image\\\/\"}}]}<\/script>\n<!-- \/ Yoast SEO plugin. -->","yoast_head_json":{"title":"Iglesia del Nazareno de la Trinidad | Trinity Cares","description":"Trinity Cares es un ministerio comunitario mensual gratuito de alimentos y ropa dirigido por Trinity Church of the Nazarene en Colorado Springs, CO.","robots":{"index":"index","follow":"follow","max-snippet":"max-snippet:-1","max-image-preview":"max-image-preview:large","max-video-preview":"max-video-preview:-1"},"canonical":"https:\/\/cstrinity.org\/esp\/trinity-cares\/","og_locale":"es_ES","og_type":"article","og_title":"Trinity Church of the Nazarene | Trinity Cares","og_description":"Trinity Cares is a monthly free food and clothing community ministry run by Trinity Church of the Nazarene in Colorado Springs, CO.","og_url":"https:\/\/cstrinity.org\/esp\/trinity-cares\/","og_site_name":"Trinity Church of the Nazarene","article_modified_time":"2025-01-09T22:19:11+00:00","og_image":[{"width":467,"height":467,"url":"https:\/\/cstrinity.org\/wp-content\/uploads\/2023\/05\/CircleIcon-FullColor.png","type":"image\/png"}],"twitter_card":"summary_large_image","twitter_misc":{"Tiempo de lectura":"2 minutos"},"schema":{"@context":"https:\/\/schema.org","@graph":[{"@type":"WebPage","@id":"https:\/\/cstrinity.org\/trinity-cares\/","url":"https:\/\/cstrinity.org\/trinity-cares\/","name":"Iglesia del Nazareno de la Trinidad | Trinity Cares","isPartOf":{"@id":"https:\/\/cstrinity.org\/#website"},"primaryImageOfPage":{"@id":"https:\/\/cstrinity.org\/trinity-cares\/#primaryimage"},"image":{"@id":"https:\/\/cstrinity.org\/trinity-cares\/#primaryimage"},"thumbnailUrl":"https:\/\/cstrinity.org\/wp-content\/uploads\/2023\/05\/1684443598316blob-1024x305.png","datePublished":"2023-02-02T22:31:43+00:00","dateModified":"2025-01-09T22:19:11+00:00","description":"Trinity Cares es un ministerio comunitario mensual gratuito de alimentos y ropa dirigido por Trinity Church of the Nazarene en Colorado Springs, CO.","breadcrumb":{"@id":"https:\/\/cstrinity.org\/trinity-cares\/#breadcrumb"},"inLanguage":"es","potentialAction":[{"@type":"ReadAction","target":["https:\/\/cstrinity.org\/trinity-cares\/"]}]},{"@type":"ImageObject","inLanguage":"es","@id":"https:\/\/cstrinity.org\/trinity-cares\/#primaryimage","url":"https:\/\/cstrinity.org\/wp-content\/uploads\/2023\/05\/1684443598316blob-1024x305.png","contentUrl":"https:\/\/cstrinity.org\/wp-content\/uploads\/2023\/05\/1684443598316blob-1024x305.png"},{"@type":"BreadcrumbList","@id":"https:\/\/cstrinity.org\/trinity-cares\/#breadcrumb","itemListElement":[{"@type":"ListItem","position":1,"name":"Home","item":"https:\/\/cstrinity.org\/"},{"@type":"ListItem","position":2,"name":"Trinity Cares"}]},{"@type":"WebSite","@id":"https:\/\/cstrinity.org\/#website","url":"https:\/\/cstrinity.org\/","name":"Iglesia de la Trinidad del Nazareno","description":"Creciendo Juntos en Jes\u00fas","publisher":{"@id":"https:\/\/cstrinity.org\/#organization"},"potentialAction":[{"@type":"SearchAction","target":{"@type":"EntryPoint","urlTemplate":"https:\/\/cstrinity.org\/?s={search_term_string}"},"query-input":{"@type":"PropertyValueSpecification","valueRequired":true,"valueName":"search_term_string"}}],"inLanguage":"es"},{"@type":"Organization","@id":"https:\/\/cstrinity.org\/#organization","name":"Iglesia de la Trinidad del Nazareno","url":"https:\/\/cstrinity.org\/","logo":{"@type":"ImageObject","inLanguage":"es","@id":"https:\/\/cstrinity.org\/#\/schema\/logo\/image\/","url":"https:\/\/cstrinity.org\/wp-content\/uploads\/2026\/04\/CircleIconEmpty-BlueGreen.png","contentUrl":"https:\/\/cstrinity.org\/wp-content\/uploads\/2026\/04\/CircleIconEmpty-BlueGreen.png","width":500,"height":500,"caption":"Trinity Church of the Nazarene"},"image":{"@id":"https:\/\/cstrinity.org\/#\/schema\/logo\/image\/"}}]}},"jetpack_sharing_enabled":true,"_links":{"self":[{"href":"https:\/\/cstrinity.org\/esp\/wp-json\/wp\/v2\/pages\/115","targetHints":{"allow":["GET"]}}],"collection":[{"href":"https:\/\/cstrinity.org\/esp\/wp-json\/wp\/v2\/pages"}],"about":[{"href":"https:\/\/cstrinity.org\/esp\/wp-json\/wp\/v2\/types\/page"}],"author":[{"embeddable":true,"href":"https:\/\/cstrinity.org\/esp\/wp-json\/wp\/v2\/users\/1"}],"replies":[{"embeddable":true,"href":"https:\/\/cstrinity.org\/esp\/wp-json\/wp\/v2\/comments?post=115"}],"version-history":[{"count":0,"href":"https:\/\/cstrinity.org\/esp\/wp-json\/wp\/v2\/pages\/115\/revisions"}],"wp:attachment":[{"href":"https:\/\/cstrinity.org\/esp\/wp-json\/wp\/v2\/media?parent=115"}],"curies":[{"name":"gracias","href":"https:\/\/api.w.org\/{rel}","templated":true}]}}